{"id":52587,"date":"2025-02-21T09:12:37","date_gmt":"2025-03-06T08:06:31","guid":{"rendered":"https:\/\/dev.beatrizpalacios.com\/?post_type=product&#038;p=52587"},"modified":"2025-06-13T15:45:48","modified_gmt":"2025-06-13T13:45:48","slug":"boquilla-de-plata","status":"publish","type":"product","link":"https:\/\/dev.beatrizpalacios.com\/es\/product\/boquilla-de-plata\/","title":{"rendered":"Boquilla de plata"},"content":{"rendered":"<p><img loading=\"lazy\" decoding=\"async\" width=\"960\" height=\"1280\" src=\"https:\/\/dev.beatrizpalacios.com\/wp-content\/uploads\/2025\/02\/Silver-Cigarette-Holder3.jpg\" alt=\"\" srcset=\"https:\/\/dev.beatrizpalacios.com\/wp-content\/uploads\/2025\/02\/Silver-Cigarette-Holder3.jpg 960w, https:\/\/dev.beatrizpalacios.com\/wp-content\/uploads\/2025\/02\/Silver-Cigarette-Holder3-225x300.jpg 225w, https:\/\/dev.beatrizpalacios.com\/wp-content\/uploads\/2025\/02\/Silver-Cigarette-Holder3-768x1024.jpg 768w, https:\/\/dev.beatrizpalacios.com\/wp-content\/uploads\/2025\/02\/Silver-Cigarette-Holder3-590x787.jpg 590w, https:\/\/dev.beatrizpalacios.com\/wp-content\/uploads\/2025\/02\/Silver-Cigarette-Holder3-666x888.jpg 666w\" sizes=\"(max-width: 960px) 100vw, 960px\" \/><br \/>\n\t\t\t\t\t\t\t\t\t\t\t\t\t\t\t<img loading=\"lazy\" decoding=\"async\" width=\"960\" height=\"1280\" src=\"https:\/\/dev.beatrizpalacios.com\/wp-content\/uploads\/2025\/02\/Silver-Cigarette-Holder-2.jpg\" alt=\"\" srcset=\"https:\/\/dev.beatrizpalacios.com\/wp-content\/uploads\/2025\/02\/Silver-Cigarette-Holder-2.jpg 960w, https:\/\/dev.beatrizpalacios.com\/wp-content\/uploads\/2025\/02\/Silver-Cigarette-Holder-2-225x300.jpg 225w, https:\/\/dev.beatrizpalacios.com\/wp-content\/uploads\/2025\/02\/Silver-Cigarette-Holder-2-768x1024.jpg 768w, https:\/\/dev.beatrizpalacios.com\/wp-content\/uploads\/2025\/02\/Silver-Cigarette-Holder-2-590x787.jpg 590w, https:\/\/dev.beatrizpalacios.com\/wp-content\/uploads\/2025\/02\/Silver-Cigarette-Holder-2-666x888.jpg 666w\" sizes=\"(max-width: 960px) 100vw, 960px\" \/><br \/>\n\t\t\t\t\t\t\t\t\t\t\t\t\t\t\t<img loading=\"lazy\" decoding=\"async\" width=\"960\" height=\"1280\" src=\"https:\/\/dev.beatrizpalacios.com\/wp-content\/uploads\/2025\/02\/Silver-Cigarette-Holder-1.jpg\" alt=\"\" srcset=\"https:\/\/dev.beatrizpalacios.com\/wp-content\/uploads\/2025\/02\/Silver-Cigarette-Holder-1.jpg 960w, https:\/\/dev.beatrizpalacios.com\/wp-content\/uploads\/2025\/02\/Silver-Cigarette-Holder-1-225x300.jpg 225w, https:\/\/dev.beatrizpalacios.com\/wp-content\/uploads\/2025\/02\/Silver-Cigarette-Holder-1-768x1024.jpg 768w, https:\/\/dev.beatrizpalacios.com\/wp-content\/uploads\/2025\/02\/Silver-Cigarette-Holder-1-590x787.jpg 590w, https:\/\/dev.beatrizpalacios.com\/wp-content\/uploads\/2025\/02\/Silver-Cigarette-Holder-1-666x888.jpg 666w\" sizes=\"(max-width: 960px) 100vw, 960px\" \/><\/p>\n","protected":false},"excerpt":{"rendered":"<p>Esta boquilla de l\u00edneas limpias est\u00e1 hecha en plata, con un dise\u00f1o refinado y atemporal. Minimalista y funcional, transforma un objeto cotidiano en un accesorio sofisticado.<br \/>\nHecho a mano en nuestro estudio en Madrid.<br \/>\nSi necesitas ayuda, no dudes en ponerte en contacto con nosotros por correo a info@beatrizpalacios.es. Estaremos encantados de ayudarte.<\/p>\n","protected":false},"featured_media":52254,"template":"","meta":[],"product_brand":[],"product_cat":[646],"product_tag":[692,711],"class_list":{"0":"post-52587","1":"product","2":"type-product","3":"status-publish","4":"has-post-thumbnail","6":"product_cat-objetos","7":"product_tag-gentlewoman-es","8":"product_tag-signature-es","10":"first","11":"instock","12":"taxable","13":"shipping-taxable","14":"purchasable","15":"product-type-simple"},"_links":{"self":[{"href":"https:\/\/dev.beatrizpalacios.com\/es\/wp-json\/wp\/v2\/product\/52587","targetHints":{"allow":["GET"]}}],"collection":[{"href":"https:\/\/dev.beatrizpalacios.com\/es\/wp-json\/wp\/v2\/product"}],"about":[{"href":"https:\/\/dev.beatrizpalacios.com\/es\/wp-json\/wp\/v2\/types\/product"}],"wp:featuredmedia":[{"embeddable":true,"href":"https:\/\/dev.beatrizpalacios.com\/es\/wp-json\/wp\/v2\/media\/52254"}],"wp:attachment":[{"href":"https:\/\/dev.beatrizpalacios.com\/es\/wp-json\/wp\/v2\/media?parent=52587"}],"wp:term":[{"taxonomy":"product_brand","embeddable":true,"href":"https:\/\/dev.beatrizpalacios.com\/es\/wp-json\/wp\/v2\/product_brand?post=52587"},{"taxonomy":"product_cat","embeddable":true,"href":"https:\/\/dev.beatrizpalacios.com\/es\/wp-json\/wp\/v2\/product_cat?post=52587"},{"taxonomy":"product_tag","embeddable":true,"href":"https:\/\/dev.beatrizpalacios.com\/es\/wp-json\/wp\/v2\/product_tag?post=52587"}],"curies":[{"name":"wp","href":"https:\/\/api.w.org\/{rel}","templated":true}]}}