{"id":54535,"date":"2025-09-26T12:45:48","date_gmt":"2025-09-26T10:42:13","guid":{"rendered":"https:\/\/dev.beatrizpalacios.com\/?post_type=product&#038;p=54535"},"modified":"2025-09-26T13:03:35","modified_gmt":"2025-09-26T11:03:35","slug":"pendiente-con-rosa-amarilla","status":"publish","type":"product","link":"https:\/\/dev.beatrizpalacios.com\/es\/product\/pendiente-con-rosa-amarilla\/","title":{"rendered":"Pendiente con Rosa Amarilla"},"content":{"rendered":"<p><img loading=\"lazy\" decoding=\"async\" width=\"1920\" height=\"1080\" src=\"https:\/\/dev.beatrizpalacios.com\/wp-content\/uploads\/2025\/09\/Pale-Yellow-Rose-Earring-2.jpg\" alt=\"\" srcset=\"https:\/\/dev.beatrizpalacios.com\/wp-content\/uploads\/2025\/09\/Pale-Yellow-Rose-Earring-2.jpg 1920w, https:\/\/dev.beatrizpalacios.com\/wp-content\/uploads\/2025\/09\/Pale-Yellow-Rose-Earring-2-300x169.jpg 300w, https:\/\/dev.beatrizpalacios.com\/wp-content\/uploads\/2025\/09\/Pale-Yellow-Rose-Earring-2-1024x576.jpg 1024w, https:\/\/dev.beatrizpalacios.com\/wp-content\/uploads\/2025\/09\/Pale-Yellow-Rose-Earring-2-768x432.jpg 768w, https:\/\/dev.beatrizpalacios.com\/wp-content\/uploads\/2025\/09\/Pale-Yellow-Rose-Earring-2-1536x864.jpg 1536w, https:\/\/dev.beatrizpalacios.com\/wp-content\/uploads\/2025\/09\/Pale-Yellow-Rose-Earring-2-590x332.jpg 590w, https:\/\/dev.beatrizpalacios.com\/wp-content\/uploads\/2025\/09\/Pale-Yellow-Rose-Earring-2-666x375.jpg 666w\" sizes=\"(max-width: 1920px) 100vw, 1920px\" \/><\/p>\n","protected":false},"excerpt":{"rendered":"<p>Pendiente realizado en lat\u00f3n ba\u00f1ado en plata engastado con una rosa natural preservada. El palillo y cierre del pendiente est\u00e1n realizados en plata. Se vende de manera individual. La rosa es una flor natural tratada con un l\u00edquido de conservaci\u00f3n biodegradable y de origen vegetal, sin ingredientes t\u00f3xicos.<\/p>\n<p>Realizado a mano en nuestro taller de Madrid.<\/p>\n<p>Si necesitas ayuda, no dudes en ponerte en contacto con nosotros por correo a info@beatrizpalacios.es. Estaremos encantados de ayudarte.<\/p>\n","protected":false},"featured_media":54873,"template":"","meta":[],"product_brand":[],"product_cat":[143],"product_tag":[708,711],"class_list":{"0":"post-54535","1":"product","2":"type-product","3":"status-publish","4":"has-post-thumbnail","6":"product_cat-pendientes","7":"product_tag-own-es","8":"product_tag-signature-es","10":"first","11":"instock","12":"taxable","13":"shipping-taxable","14":"purchasable","15":"product-type-simple"},"_links":{"self":[{"href":"https:\/\/dev.beatrizpalacios.com\/es\/wp-json\/wp\/v2\/product\/54535","targetHints":{"allow":["GET"]}}],"collection":[{"href":"https:\/\/dev.beatrizpalacios.com\/es\/wp-json\/wp\/v2\/product"}],"about":[{"href":"https:\/\/dev.beatrizpalacios.com\/es\/wp-json\/wp\/v2\/types\/product"}],"wp:featuredmedia":[{"embeddable":true,"href":"https:\/\/dev.beatrizpalacios.com\/es\/wp-json\/wp\/v2\/media\/54873"}],"wp:attachment":[{"href":"https:\/\/dev.beatrizpalacios.com\/es\/wp-json\/wp\/v2\/media?parent=54535"}],"wp:term":[{"taxonomy":"product_brand","embeddable":true,"href":"https:\/\/dev.beatrizpalacios.com\/es\/wp-json\/wp\/v2\/product_brand?post=54535"},{"taxonomy":"product_cat","embeddable":true,"href":"https:\/\/dev.beatrizpalacios.com\/es\/wp-json\/wp\/v2\/product_cat?post=54535"},{"taxonomy":"product_tag","embeddable":true,"href":"https:\/\/dev.beatrizpalacios.com\/es\/wp-json\/wp\/v2\/product_tag?post=54535"}],"curies":[{"name":"wp","href":"https:\/\/api.w.org\/{rel}","templated":true}]}}