{"id":54584,"date":"2025-09-26T12:46:09","date_gmt":"2025-09-26T10:42:30","guid":{"rendered":"https:\/\/dev.beatrizpalacios.com\/?post_type=product&#038;p=54584"},"modified":"2025-09-30T10:21:59","modified_gmt":"2025-09-30T08:21:59","slug":"essence-keeper","status":"publish","type":"product","link":"https:\/\/dev.beatrizpalacios.com\/es\/product\/essence-keeper\/","title":{"rendered":"Essence Keeper"},"content":{"rendered":"<p><img loading=\"lazy\" decoding=\"async\" src=\"https:\/\/dev.beatrizpalacios.com\/wp-content\/uploads\/2025\/09\/essence-keeper-1.jpg\" sizes=\"(max-width: 960px) 100vw, 960px\" srcset=\"https:\/\/dev.beatrizpalacios.com\/wp-content\/uploads\/2025\/09\/essence-keeper-1.jpg 960w, https:\/\/dev.beatrizpalacios.com\/wp-content\/uploads\/2025\/09\/essence-keeper-1-225x300.jpg 225w, https:\/\/dev.beatrizpalacios.com\/wp-content\/uploads\/2025\/09\/essence-keeper-1-768x1024.jpg 768w, https:\/\/dev.beatrizpalacios.com\/wp-content\/uploads\/2025\/09\/essence-keeper-1-590x787.jpg 590w, https:\/\/dev.beatrizpalacios.com\/wp-content\/uploads\/2025\/09\/essence-keeper-1-666x888.jpg 666w\" alt=\"\" width=\"960\" height=\"1280\" \/><br \/>\n<img loading=\"lazy\" decoding=\"async\" src=\"https:\/\/dev.beatrizpalacios.com\/wp-content\/uploads\/2025\/09\/essence-keeper-2.jpg\" sizes=\"(max-width: 960px) 100vw, 960px\" srcset=\"https:\/\/dev.beatrizpalacios.com\/wp-content\/uploads\/2025\/09\/essence-keeper-2.jpg 960w, https:\/\/dev.beatrizpalacios.com\/wp-content\/uploads\/2025\/09\/essence-keeper-2-225x300.jpg 225w, https:\/\/dev.beatrizpalacios.com\/wp-content\/uploads\/2025\/09\/essence-keeper-2-768x1024.jpg 768w, https:\/\/dev.beatrizpalacios.com\/wp-content\/uploads\/2025\/09\/essence-keeper-2-590x787.jpg 590w, https:\/\/dev.beatrizpalacios.com\/wp-content\/uploads\/2025\/09\/essence-keeper-2-666x888.jpg 666w\" alt=\"\" width=\"960\" height=\"1280\" \/><br \/>\n<img loading=\"lazy\" decoding=\"async\" src=\"https:\/\/dev.beatrizpalacios.com\/wp-content\/uploads\/2025\/09\/essence-keeper-3.jpg\" sizes=\"(max-width: 960px) 100vw, 960px\" srcset=\"https:\/\/dev.beatrizpalacios.com\/wp-content\/uploads\/2025\/09\/essence-keeper-3.jpg 960w, https:\/\/dev.beatrizpalacios.com\/wp-content\/uploads\/2025\/09\/essence-keeper-3-225x300.jpg 225w, https:\/\/dev.beatrizpalacios.com\/wp-content\/uploads\/2025\/09\/essence-keeper-3-768x1024.jpg 768w, https:\/\/dev.beatrizpalacios.com\/wp-content\/uploads\/2025\/09\/essence-keeper-3-590x787.jpg 590w, https:\/\/dev.beatrizpalacios.com\/wp-content\/uploads\/2025\/09\/essence-keeper-3-666x888.jpg 666w\" alt=\"\" width=\"960\" height=\"1280\" \/><\/p>\n","protected":false},"excerpt":{"rendered":"<p>El colgante Essence Keeper est\u00e1 realizado en plata de ley con una forma escult\u00f3rica que recuerda una nariz.<br \/>\nEl cierre es un \u00f3nix y viene acompa\u00f1ado de una cadena y un peque\u00f1o embudo para llenarlo con perfume o cualquier otra sustancia que desees llevar contigo. Dise\u00f1ado para dar libertad a quien lo lleva, convierte un peque\u00f1o gesto en un ritual personal y libre.<\/p>\n<p>Realizados a mano en nuestro taller de Madrid.<\/p>\n<p>Si necesitas ayuda, no dudes en ponerte en contacto con nosotros por correo a info@beatrizpalacios.es. Estaremos encantados de ayudarte.<\/p>\n","protected":false},"featured_media":54922,"template":"","meta":[],"product_brand":[],"product_cat":[146,646],"product_tag":[708],"class_list":{"0":"post-54584","1":"product","2":"type-product","3":"status-publish","4":"has-post-thumbnail","6":"product_cat-collares","7":"product_cat-objetos","8":"product_tag-own-es","10":"first","11":"instock","12":"taxable","13":"shipping-taxable","14":"purchasable","15":"product-type-simple"},"_links":{"self":[{"href":"https:\/\/dev.beatrizpalacios.com\/es\/wp-json\/wp\/v2\/product\/54584","targetHints":{"allow":["GET"]}}],"collection":[{"href":"https:\/\/dev.beatrizpalacios.com\/es\/wp-json\/wp\/v2\/product"}],"about":[{"href":"https:\/\/dev.beatrizpalacios.com\/es\/wp-json\/wp\/v2\/types\/product"}],"wp:featuredmedia":[{"embeddable":true,"href":"https:\/\/dev.beatrizpalacios.com\/es\/wp-json\/wp\/v2\/media\/54922"}],"wp:attachment":[{"href":"https:\/\/dev.beatrizpalacios.com\/es\/wp-json\/wp\/v2\/media?parent=54584"}],"wp:term":[{"taxonomy":"product_brand","embeddable":true,"href":"https:\/\/dev.beatrizpalacios.com\/es\/wp-json\/wp\/v2\/product_brand?post=54584"},{"taxonomy":"product_cat","embeddable":true,"href":"https:\/\/dev.beatrizpalacios.com\/es\/wp-json\/wp\/v2\/product_cat?post=54584"},{"taxonomy":"product_tag","embeddable":true,"href":"https:\/\/dev.beatrizpalacios.com\/es\/wp-json\/wp\/v2\/product_tag?post=54584"}],"curies":[{"name":"wp","href":"https:\/\/api.w.org\/{rel}","templated":true}]}}