{"id":54664,"date":"2025-09-26T12:46:36","date_gmt":"2025-09-26T10:42:53","guid":{"rendered":"https:\/\/dev.beatrizpalacios.com\/?post_type=product&#038;p=54664"},"modified":"2025-09-26T13:04:29","modified_gmt":"2025-09-26T11:04:29","slug":"alianza-roman","status":"publish","type":"product","link":"https:\/\/dev.beatrizpalacios.com\/es\/product\/alianza-roman\/","title":{"rendered":"Alianza Roman"},"content":{"rendered":"<p><img loading=\"lazy\" decoding=\"async\" width=\"1920\" height=\"1080\" src=\"https:\/\/dev.beatrizpalacios.com\/wp-content\/uploads\/2025\/09\/Roman-Ring-1.jpg\" alt=\"\" srcset=\"https:\/\/dev.beatrizpalacios.com\/wp-content\/uploads\/2025\/09\/Roman-Ring-1.jpg 1920w, https:\/\/dev.beatrizpalacios.com\/wp-content\/uploads\/2025\/09\/Roman-Ring-1-300x169.jpg 300w, https:\/\/dev.beatrizpalacios.com\/wp-content\/uploads\/2025\/09\/Roman-Ring-1-1024x576.jpg 1024w, https:\/\/dev.beatrizpalacios.com\/wp-content\/uploads\/2025\/09\/Roman-Ring-1-768x432.jpg 768w, https:\/\/dev.beatrizpalacios.com\/wp-content\/uploads\/2025\/09\/Roman-Ring-1-1536x864.jpg 1536w, https:\/\/dev.beatrizpalacios.com\/wp-content\/uploads\/2025\/09\/Roman-Ring-1-590x332.jpg 590w, https:\/\/dev.beatrizpalacios.com\/wp-content\/uploads\/2025\/09\/Roman-Ring-1-666x375.jpg 666w\" sizes=\"(max-width: 1920px) 100vw, 1920px\" \/><\/p>\n","protected":false},"excerpt":{"rendered":"<p>Anillo escult\u00f3rico de plata de ley ba\u00f1ada en oro que reinterpreta la alianza cl\u00e1sica con un aire contempor\u00e1neo.<\/p>\n<p>Hecho a mano en nuestro estudio en Madrid.<\/p>\n<p>Podemos hacer cualquier talla por encargo. Si no encuentras la tuya o est\u00e1 agotado, no dudes en contactarnos en info@beatrizpalacios.es. Estaremos encantados de ayudarte.<\/p>\n","protected":false},"featured_media":55002,"template":"","meta":[],"product_brand":[],"product_cat":[147],"product_tag":[708,711],"class_list":{"0":"post-54664","1":"product","2":"type-product","3":"status-publish","4":"has-post-thumbnail","6":"product_cat-anillos","7":"product_tag-own-es","8":"product_tag-signature-es","10":"first","11":"onbackorder","12":"taxable","13":"shipping-taxable","14":"purchasable","15":"product-type-variable"},"_links":{"self":[{"href":"https:\/\/dev.beatrizpalacios.com\/es\/wp-json\/wp\/v2\/product\/54664","targetHints":{"allow":["GET"]}}],"collection":[{"href":"https:\/\/dev.beatrizpalacios.com\/es\/wp-json\/wp\/v2\/product"}],"about":[{"href":"https:\/\/dev.beatrizpalacios.com\/es\/wp-json\/wp\/v2\/types\/product"}],"wp:featuredmedia":[{"embeddable":true,"href":"https:\/\/dev.beatrizpalacios.com\/es\/wp-json\/wp\/v2\/media\/55002"}],"wp:attachment":[{"href":"https:\/\/dev.beatrizpalacios.com\/es\/wp-json\/wp\/v2\/media?parent=54664"}],"wp:term":[{"taxonomy":"product_brand","embeddable":true,"href":"https:\/\/dev.beatrizpalacios.com\/es\/wp-json\/wp\/v2\/product_brand?post=54664"},{"taxonomy":"product_cat","embeddable":true,"href":"https:\/\/dev.beatrizpalacios.com\/es\/wp-json\/wp\/v2\/product_cat?post=54664"},{"taxonomy":"product_tag","embeddable":true,"href":"https:\/\/dev.beatrizpalacios.com\/es\/wp-json\/wp\/v2\/product_tag?post=54664"}],"curies":[{"name":"wp","href":"https:\/\/api.w.org\/{rel}","templated":true}]}}