{"id":54679,"date":"2025-09-26T12:46:38","date_gmt":"2025-09-26T10:42:54","guid":{"rendered":"https:\/\/dev.beatrizpalacios.com\/?post_type=product&#038;p=54679"},"modified":"2025-09-26T13:04:33","modified_gmt":"2025-09-26T11:04:33","slug":"anillo-piercing","status":"publish","type":"product","link":"https:\/\/dev.beatrizpalacios.com\/es\/product\/anillo-piercing\/","title":{"rendered":"Anillo Piercing"},"content":{"rendered":"<p><img loading=\"lazy\" decoding=\"async\" src=\"https:\/\/dev.beatrizpalacios.com\/wp-content\/uploads\/2025\/09\/Piercing-Ring-Gold-1.jpg\" sizes=\"(max-width: 1920px) 100vw, 1920px\" srcset=\"https:\/\/dev.beatrizpalacios.com\/wp-content\/uploads\/2025\/09\/Piercing-Ring-Gold-1.jpg 1920w, https:\/\/dev.beatrizpalacios.com\/wp-content\/uploads\/2025\/09\/Piercing-Ring-Gold-1-300x169.jpg 300w, https:\/\/dev.beatrizpalacios.com\/wp-content\/uploads\/2025\/09\/Piercing-Ring-Gold-1-1024x576.jpg 1024w, https:\/\/dev.beatrizpalacios.com\/wp-content\/uploads\/2025\/09\/Piercing-Ring-Gold-1-768x432.jpg 768w, https:\/\/dev.beatrizpalacios.com\/wp-content\/uploads\/2025\/09\/Piercing-Ring-Gold-1-1536x864.jpg 1536w, https:\/\/dev.beatrizpalacios.com\/wp-content\/uploads\/2025\/09\/Piercing-Ring-Gold-1-590x332.jpg 590w, https:\/\/dev.beatrizpalacios.com\/wp-content\/uploads\/2025\/09\/Piercing-Ring-Gold-1-666x375.jpg 666w\" alt=\"\" width=\"1920\" height=\"1080\" \/><br \/>\n<img loading=\"lazy\" decoding=\"async\" src=\"https:\/\/dev.beatrizpalacios.com\/wp-content\/uploads\/2025\/09\/Piercing-Ring-Gold-2.jpg\" sizes=\"(max-width: 960px) 100vw, 960px\" srcset=\"https:\/\/dev.beatrizpalacios.com\/wp-content\/uploads\/2025\/09\/Piercing-Ring-Gold-2.jpg 960w, https:\/\/dev.beatrizpalacios.com\/wp-content\/uploads\/2025\/09\/Piercing-Ring-Gold-2-225x300.jpg 225w, https:\/\/dev.beatrizpalacios.com\/wp-content\/uploads\/2025\/09\/Piercing-Ring-Gold-2-768x1024.jpg 768w, https:\/\/dev.beatrizpalacios.com\/wp-content\/uploads\/2025\/09\/Piercing-Ring-Gold-2-590x787.jpg 590w, https:\/\/dev.beatrizpalacios.com\/wp-content\/uploads\/2025\/09\/Piercing-Ring-Gold-2-666x888.jpg 666w\" alt=\"\" width=\"960\" height=\"1280\" \/><br \/>\n<img loading=\"lazy\" decoding=\"async\" src=\"https:\/\/dev.beatrizpalacios.com\/wp-content\/uploads\/2025\/09\/Piercing-Ring-Gold-3.jpg\" sizes=\"(max-width: 960px) 100vw, 960px\" srcset=\"https:\/\/dev.beatrizpalacios.com\/wp-content\/uploads\/2025\/09\/Piercing-Ring-Gold-3.jpg 960w, https:\/\/dev.beatrizpalacios.com\/wp-content\/uploads\/2025\/09\/Piercing-Ring-Gold-3-225x300.jpg 225w, https:\/\/dev.beatrizpalacios.com\/wp-content\/uploads\/2025\/09\/Piercing-Ring-Gold-3-768x1024.jpg 768w, https:\/\/dev.beatrizpalacios.com\/wp-content\/uploads\/2025\/09\/Piercing-Ring-Gold-3-590x787.jpg 590w, https:\/\/dev.beatrizpalacios.com\/wp-content\/uploads\/2025\/09\/Piercing-Ring-Gold-3-666x888.jpg 666w\" alt=\"\" width=\"960\" height=\"1280\" \/><\/p>\n","protected":false},"excerpt":{"rendered":"<p>Anillo bicolor en plata y plata ba\u00f1ada en oro que al llevarlo puesto recuerda a un piercing. Para un efecto m\u00e1s dram\u00e1tico, recomendamos combinar varios anillos en la misma mano.<br \/>\nEste anillo es ajustable. La talla S\/M cubre las tallas espa\u00f1olas 9\u201312, y la talla M\/L, de la 12 a la 16. Para ver la conversi\u00f3n a otros sistemas de talla, consulta nuestra gu\u00eda de tallas.<\/p>\n<p>Hecho a mano en nuestro estudio en Madrid.<\/p>\n<p>Podemos hacer cualquier talla por encargo. Si no encuentras la tuya o est\u00e1 agotado, no dudes en contactarnos en info@beatrizpalacios.es. Estaremos encantados de ayudarte.<\/p>\n","protected":false},"featured_media":55017,"template":"","meta":[],"product_brand":[],"product_cat":[147],"product_tag":[708,711],"class_list":{"0":"post-54679","1":"product","2":"type-product","3":"status-publish","4":"has-post-thumbnail","6":"product_cat-anillos","7":"product_tag-own-es","8":"product_tag-signature-es","10":"first","11":"onbackorder","12":"taxable","13":"shipping-taxable","14":"purchasable","15":"product-type-variable"},"_links":{"self":[{"href":"https:\/\/dev.beatrizpalacios.com\/es\/wp-json\/wp\/v2\/product\/54679","targetHints":{"allow":["GET"]}}],"collection":[{"href":"https:\/\/dev.beatrizpalacios.com\/es\/wp-json\/wp\/v2\/product"}],"about":[{"href":"https:\/\/dev.beatrizpalacios.com\/es\/wp-json\/wp\/v2\/types\/product"}],"wp:featuredmedia":[{"embeddable":true,"href":"https:\/\/dev.beatrizpalacios.com\/es\/wp-json\/wp\/v2\/media\/55017"}],"wp:attachment":[{"href":"https:\/\/dev.beatrizpalacios.com\/es\/wp-json\/wp\/v2\/media?parent=54679"}],"wp:term":[{"taxonomy":"product_brand","embeddable":true,"href":"https:\/\/dev.beatrizpalacios.com\/es\/wp-json\/wp\/v2\/product_brand?post=54679"},{"taxonomy":"product_cat","embeddable":true,"href":"https:\/\/dev.beatrizpalacios.com\/es\/wp-json\/wp\/v2\/product_cat?post=54679"},{"taxonomy":"product_tag","embeddable":true,"href":"https:\/\/dev.beatrizpalacios.com\/es\/wp-json\/wp\/v2\/product_tag?post=54679"}],"curies":[{"name":"wp","href":"https:\/\/api.w.org\/{rel}","templated":true}]}}