{"id":54823,"date":"2025-09-26T12:47:19","date_gmt":"2025-09-26T10:43:31","guid":{"rendered":"https:\/\/dev.beatrizpalacios.com\/?post_type=product&#038;p=54823"},"modified":"2025-09-26T12:43:31","modified_gmt":"2025-09-26T10:43:31","slug":"pendientes-lazo-amarillo-s","status":"publish","type":"product","link":"https:\/\/dev.beatrizpalacios.com\/es\/product\/pendientes-lazo-amarillo-s\/","title":{"rendered":"Pendientes Lazo Amarillo S"},"content":{"rendered":"","protected":false},"excerpt":{"rendered":"<p>Pendientes en forma de lazo realizados con una cadena ba\u00f1ada en plata con cuentas de cristal amarillo repartidas en el dise\u00f1o.La parte que est\u00e1 en contacto con la oreja est\u00e1 realizada en plata de ley ba\u00f1ada en oro. Largo de 5cm.<\/p>\n<p>Realizados a mano en nuestro taller de Madrid.<\/p>\n<p>Si necesitas ayuda, no dudes en ponerte en contacto con nosotros por correo a info@beatrizpalacios.es. Estaremos encantados de ayudarte.<\/p>\n","protected":false},"featured_media":55161,"template":"","meta":[],"product_brand":[],"product_cat":[143],"product_tag":[708],"class_list":{"0":"post-54823","1":"product","2":"type-product","3":"status-publish","4":"has-post-thumbnail","6":"product_cat-pendientes","7":"product_tag-own-es","9":"first","10":"instock","11":"taxable","12":"shipping-taxable","13":"purchasable","14":"product-type-simple"},"_links":{"self":[{"href":"https:\/\/dev.beatrizpalacios.com\/es\/wp-json\/wp\/v2\/product\/54823","targetHints":{"allow":["GET"]}}],"collection":[{"href":"https:\/\/dev.beatrizpalacios.com\/es\/wp-json\/wp\/v2\/product"}],"about":[{"href":"https:\/\/dev.beatrizpalacios.com\/es\/wp-json\/wp\/v2\/types\/product"}],"wp:featuredmedia":[{"embeddable":true,"href":"https:\/\/dev.beatrizpalacios.com\/es\/wp-json\/wp\/v2\/media\/55161"}],"wp:attachment":[{"href":"https:\/\/dev.beatrizpalacios.com\/es\/wp-json\/wp\/v2\/media?parent=54823"}],"wp:term":[{"taxonomy":"product_brand","embeddable":true,"href":"https:\/\/dev.beatrizpalacios.com\/es\/wp-json\/wp\/v2\/product_brand?post=54823"},{"taxonomy":"product_cat","embeddable":true,"href":"https:\/\/dev.beatrizpalacios.com\/es\/wp-json\/wp\/v2\/product_cat?post=54823"},{"taxonomy":"product_tag","embeddable":true,"href":"https:\/\/dev.beatrizpalacios.com\/es\/wp-json\/wp\/v2\/product_tag?post=54823"}],"curies":[{"name":"wp","href":"https:\/\/api.w.org\/{rel}","templated":true}]}}